{"id":832,"date":"2024-09-12T12:13:02","date_gmt":"2024-09-12T10:13:02","guid":{"rendered":"https:\/\/compasswineconsulting.com\/cookies\/"},"modified":"2024-09-23T10:05:36","modified_gmt":"2024-09-23T08:05:36","slug":"cookies","status":"publish","type":"page","link":"https:\/\/compasswineconsulting.com\/en\/cookies\/","title":{"rendered":"Cookies"},"content":{"rendered":"\n<p><strong>Cookies Policy<\/strong><\/p>\n\n<p>This website uses third party and own cookies to give you a better browsing experience, to share content on social networks and so that we can obtain user statistics.<\/p>\n\n<p>You can prevent the downloading of cookies through your browser settings, preventing cookies from being stored on your device.<\/p>\n\n<p>As the owner of this website, we do not use any personal information from cookies; we only make general statistics of visits that do not involve any personal information.<\/p>\n\n<p>It is very important that you read this cookie policy and understand that if you continue browsing, we will consider that you accept its use.<\/p>\n\n<p>According to the terms included in Article 22.2 of Law 34\/2002 of Services of the Information Society and Electronic Commerce, if you continue browsing, you will be giving your consent to the use of the aforementioned mechanisms.<\/p>\n\n<h3 class=\"wp-block-heading\">Responsible Entity<\/h3>\n\n<p>The entity responsible for the collection, processing and use of your personal data, within the meaning established by the Personal Data Protection Act, is Compass Wine Consulting, owned by Daniel Gonz\u00e1lez Garc\u00eda, C\/ Islas C\u00edes, 13 Esc 3 Sot 1, Madrid (28035), Spain.<\/p>\n\n<h3 class=\"wp-block-heading\">What are cookies?<\/h3>\n\n<p>Cookies are a set of data that a server deposits in the user&#8217;s browser to collect standard Internet log information and information on the behavior of visitors to a website.\nIn other words, they are small text files that are stored on the computer&#8217;s hard drive and are used to identify the user when he\/she connects to the website again.\nTheir purpose is to record the user&#8217;s visit and store certain information.\nIts use is common and frequent on the web, as it allows pages to function more efficiently and achieve greater customization and analysis of user behavior.   <\/p>\n\n<h3 class=\"wp-block-heading\">What types of cookies are there?<\/h3>\n\n<p>The cookies used on our website are session and third party cookies, and allow us to store and access information related to language, type of browser used, and other general characteristics predefined by the user, as well as to track and analyze the activity carried out, in order to make improvements and provide our services in a more efficient and personalized way.<\/p>\n\n<p>Cookies, depending on their permanence, can be divided into session or permanent cookies.\nSession cookies expire when the user closes the browser.\nPermanent cookies expire depending on when the purpose for which they are used is fulfilled (for example, for the user to remain identified in the services of Daniel Gonz\u00e1lez Garc\u00eda) or when they are manually deleted.  <\/p>\n\n<figure class=\"wp-block-table\"><table class=\"has-fixed-layout\"><thead><tr><th>Name<\/th><th>Type<\/th><th>Expiration<\/th><th>Purpose<\/th><th>Class<\/th><\/tr><\/thead><tbody><tr><td>__utma<\/td><td>From Third Parties (Google Analytics)<\/td><td>2 years<\/td><td>It is used to distinguish users and sessions.<\/td><td>Non-Exempt<\/td><\/tr><tr><td>__utmb<\/td><td>From Third Parties (Google Analytics)<\/td><td>30 minutes<\/td><td>It is used to determine new sessions or visits.<\/td><td>Non-Exempt<\/td><\/tr><tr><td>__utmc<\/td><td>From Third Parties (Google Analytics)<\/td><td>At the end of the session<\/td><td>It is configured for use with Urchin.<\/td><td>Non-Exempt<\/td><\/tr><tr><td>__utmz<\/td><td>From Third Parties (Google Analytics)<\/td><td>6 months<\/td><td>Stores the origin or campaign that explains how the user arrived at the web page.<\/td><td>Non-Exempt<\/td><\/tr><\/tbody><\/table><\/figure>\n\n<p>Additionally, depending on their purpose, cookies can be classified as follows:<\/p>\n\n<h4 class=\"wp-block-heading\">Performance cookies<\/h4>\n\n<p>This type of cookie remembers your preferences for the tools found in the services, so you do not have to reconfigure the service each time you visit.\nBy way of example, this type includes: volume settings of video or sound players, video transmission speeds that are compatible with your browser, and items saved in the &#8220;shopping cart&#8221; in e-commerce services. <\/p>\n\n<h4 class=\"wp-block-heading\">Geo-location cookies<\/h4>\n\n<p>These cookies are used to find out what country you are in when you request a service.\nThis cookie is completely anonymous and is only used to help target content to your location. <\/p>\n\n<h4 class=\"wp-block-heading\">Registration Cookies<\/h4>\n\n<p>Registration cookies are generated once the user has registered or subsequently logged in and are used to identify you in the services for the following purposes:<\/p>\n\n<ul class=\"wp-block-list\">\n<li>Keep the user identified so that, if you close a service, the browser or the computer and at another time or another day re-enter the service, you will continue to be identified, thus facilitating your navigation without having to re-identify yourself.\nThis functionality can be deleted if the user presses the functionality [cerrar sesi\u00f3n], so that this cookie is deleted and the next time you enter the service the user will have to log in to be identified. <\/li>\n\n\n\n<li>Check whether the user is authorized to access certain services, for example, to participate in a contest.<\/li>\n<\/ul>\n\n<p>Additionally, some services may use connectors with social networks such as Facebook or Twitter.\nWhen the user registers for a service with credentials from a social network, he\/she authorizes the social network to store a persistent cookie that remembers his\/her identity and grants him\/her access to the services until it expires.\nThe user can delete this cookie and revoke access to services through social networks by updating your preferences on the social network you specify.  <\/p>\n\n<h4 class=\"wp-block-heading\">Analytics Cookies<\/h4>\n\n<p>Each time a user visits a service, a tool from an external provider generates an analytical cookie on the user&#8217;s computer.\nThis cookie that is only generated in the visit will be used in future visits to the services of Daniel Gonz\u00e1lez Garc\u00eda to anonymously identify the visitor.\nThe main objectives pursued are:  <\/p>\n\n<ul class=\"wp-block-list\">\n<li>Allow anonymous identification of browsing users through the cookie (identifies browsers and devices, not people) and, therefore, the approximate counting of the number of visitors and their trend over time.<\/li>\n\n\n\n<li>Anonymously identify the most visited content and, therefore, the most attractive to users.<\/li>\n\n\n\n<li>To know if the user accessing the site is new or a repeat visitor.<\/li>\n<\/ul>\n\n<p><strong>Important:<\/strong> Unless the user decides to register for a service of Daniel Gonz\u00e1lez Garc\u00eda, the cookie will never be associated with any personal data that can identify you.\nThese cookies will only be used for statistical purposes to help optimize the user experience on the site. <\/p>\n\n<h4 class=\"wp-block-heading\">Advertising Cookies<\/h4>\n\n<p>This type of cookies allow to extend the information of the advertisements shown to each anonymous user in the services of Daniel Gonz\u00e1lez Garc\u00eda.\nAmong others, the duration or frequency of display of advertising positions, interaction with them, or browsing patterns and \/ or user behaviors are stored, as they help to form a profile of advertising interest.\nIn this way, they allow to offer advertising related to the user&#8217;s interests.  <\/p>\n\n<h4 class=\"wp-block-heading\">Third-party advertising cookies<\/h4>\n\n<p>In addition to advertising managed by Daniel Gonz\u00e1lez Garc\u00eda websites in their services, Daniel Gonz\u00e1lez Garc\u00eda websites offer advertisers the option to serve ads through third parties (&#8220;Ad-Servers&#8221;).\nThus, these third parties may store cookies sent from the services of Daniel Gonz\u00e1lez Garc\u00eda from users&#8217; browsers, as well as access the data stored in them. <\/p>\n\n<p>The companies that generate these cookies have their own privacy policies.\nCurrently, Daniel Gonz\u00e1lez Garc\u00eda websites use the Doubleclick platform (Google) to manage these services.\nFor more information, go to <a href=\"http:\/\/www.google.es\/policies\/privacy\/ads\/#toc-doubleclick\" target=\"_blank\" rel=\"noopener\">http:\/\/www.google.es\/policies\/privacy\/ads\/#toc-doubleclick<\/a> and <a href=\"http:\/\/www.google.es\/policies\/privacy\/ads\/\" target=\"_blank\" rel=\"noopener\">http:\/\/www.google.es\/policies\/privacy\/ads\/.<\/a>  <\/p>\n\n<h3 class=\"wp-block-heading\">How can I disable cookies in my browser?<\/h3>\n\n<p>Different browsers can be configured to warn the user of the reception of cookies and, if desired, prevent their installation on the computer.\nLikewise, the user can check in his browser what cookies he has installed and what is the expiration date of the same, being able to delete them. <\/p>\n\n<p>For more information, please refer to your browser&#8217;s instructions and manuals:<\/p>\n\n<ul class=\"wp-block-list\">\n<li>For more information on managing cookies in Google Chrome: <a href=\"https:\/\/support.google.com\/chrome\/answer\/95647?hl=es\" target=\"_blank\" rel=\"noopener\">https:\/\/support.google.com\/chrome\/answer\/95647?hl=es<\/a><\/li>\n\n\n\n<li>For more information on managing cookies in Internet Explorer: <a href=\"http:\/\/windows.microsoft.com\/es-es\/windows-vista\/cookies-frequently-asked-questions\" target=\"_blank\" rel=\"noopener\">http:\/\/windows.microsoft.com\/es-es\/windows-vista\/cookies-frequently-asked-questions<\/a><\/li>\n\n\n\n<li>For more information about managing cookies in Mozilla Firefox: <a href=\"http:\/\/support.mozilla.org\/es\/kb\/habilitar-y-deshabilitar-cookies-que-los-sitios-we\" target=\"_blank\" rel=\"noopener\">http:\/\/support.mozilla.org\/es\/kb\/habilitar-y-deshabilitar-cookies-que-los-sitios-we<\/a><\/li>\n\n\n\n<li>For more information on managing cookies in Safari: <a href=\"http:\/\/www.apple.com\/es\/privacy\/use-of-cookies\/\" target=\"_blank\" rel=\"noopener\">http:\/\/www.apple.com\/es\/privacy\/use-of-cookies\/<\/a><\/li>\n\n\n\n<li>For more information on how to manage cookies in Opera: <a href=\"http:\/\/help.opera.com\/Windows\/11.50\/es-ES\/cookies.html\" target=\"_blank\" rel=\"noopener\">http:\/\/help.opera.com\/Windows\/11.50\/es-ES\/cookies.html<\/a><\/li>\n<\/ul>\n\n<p>If you want to stop being followed by<\/p>\n\n<p>Google Analytics visit: <a href=\"http:\/\/tools.google.com\/dlpage\/gaoptout\" target=\"_blank\" rel=\"noopener\">http:\/\/tools.google.com\/dlpage\/gaoptout.<\/a><\/p>\n\n<h3 class=\"wp-block-heading\">To learn more about cookies<\/h3>\n\n<p>You can learn more about online behavioral advertising and online privacy at the following link: <a href=\"http:\/\/www.youronlinechoices.com\/es\/\" target=\"_blank\" rel=\"noopener\">http:\/\/www.youronlinechoices.com\/es\/.<\/a><\/p>\n\n<ul class=\"wp-block-list\">\n<li>Google Analytics Data Protection: <a href=\"http:\/\/www.google.com\/analytics\/learn\/privacy.html\" target=\"_blank\" rel=\"noopener\">http:\/\/www.google.com\/analytics\/learn\/privacy.html<\/a><\/li>\n\n\n\n<li>How Google Analytics uses cookies: <a href=\"https:\/\/developers.google.com\/analytics\/devguides\/collection\/analyticsjs\/cookie-usage?hl=es#analyticsjs\" target=\"_blank\" rel=\"noopener\">https:\/\/developers.google.com\/analytics\/devguides\/collection\/analyticsjs\/cookie-usage?hl=es#analyticsjs<\/a><\/li>\n<\/ul>\n\n<h3 class=\"wp-block-heading\">Updates and changes to privacy\/cookie policy<\/h3>\n\n<p>The websites of Daniel Gonz\u00e1lez Garc\u00eda may modify this Cookies Policy according to legislative or regulatory requirements, or in order to adapt this policy to the instructions issued by the Spanish Data Protection Agency.\nTherefore, users are advised to visit it periodically. <\/p>\n\n<p>When significant changes are made to this Cookie Policy, these will be communicated to users either through the website or via email to registered users.<\/p>\n","protected":false},"excerpt":{"rendered":"<p>Cookies Policy This website uses third party and own cookies to give you a better browsing experience, to share content on social networks and so that we can obtain user statistics. You can prevent the downloading of cookies through your browser settings, preventing cookies from being stored on your device. As the owner of this [&hellip;]<\/p>\n","protected":false},"author":1,"featured_media":0,"parent":0,"menu_order":0,"comment_status":"closed","ping_status":"closed","template":"","meta":{"footnotes":""},"class_list":["post-832","page","type-page","status-publish","hentry"],"_links":{"self":[{"href":"https:\/\/compasswineconsulting.com\/en\/wp-json\/wp\/v2\/pages\/832","targetHints":{"allow":["GET"]}}],"collection":[{"href":"https:\/\/compasswineconsulting.com\/en\/wp-json\/wp\/v2\/pages"}],"about":[{"href":"https:\/\/compasswineconsulting.com\/en\/wp-json\/wp\/v2\/types\/page"}],"author":[{"embeddable":true,"href":"https:\/\/compasswineconsulting.com\/en\/wp-json\/wp\/v2\/users\/1"}],"replies":[{"embeddable":true,"href":"https:\/\/compasswineconsulting.com\/en\/wp-json\/wp\/v2\/comments?post=832"}],"version-history":[{"count":1,"href":"https:\/\/compasswineconsulting.com\/en\/wp-json\/wp\/v2\/pages\/832\/revisions"}],"predecessor-version":[{"id":833,"href":"https:\/\/compasswineconsulting.com\/en\/wp-json\/wp\/v2\/pages\/832\/revisions\/833"}],"wp:attachment":[{"href":"https:\/\/compasswineconsulting.com\/en\/wp-json\/wp\/v2\/media?parent=832"}],"curies":[{"name":"wp","href":"https:\/\/api.w.org\/{rel}","templated":true}]}}